{"id":18,"date":"2014-07-16T13:55:39","date_gmt":"2014-07-16T11:55:39","guid":{"rendered":"http:\/\/supervision-judith-richter.de\/?page_id=18"},"modified":"2020-03-23T18:53:27","modified_gmt":"2020-03-23T16:53:27","slug":"mein-angebot","status":"publish","type":"page","link":"https:\/\/supervision-judith-richter.de\/?page_id=18","title":{"rendered":"Sie wollen&#8230;"},"content":{"rendered":"<p>&#8230;Ihrem Leben eine neue Richtung geben oder es aus einer anderen Perspektive betrachten.<\/p>\n<p>&#8230;Ihre eigenen Ressourcen, Kompetenzen und F\u00e4higkeiten, die in jedem Menschen grundgelegt sind, entdecken, entfalten und st\u00e4rken.<\/p>\n<p>&#8230;Ihr berufliches oder ehrenamtliches Handeln pr\u00fcfen und verbessern, um dadurch eine optimale berufliche und private Weiterentwicklung erreichen zu k\u00f6nnen.<\/p>\n<p>&#8230;sich davon \u00fcberzeugen, dass Sie selbst in der Lage sind, L\u00f6sungen f\u00fcr Ihr Leben zu finden.<\/p>\n<p>&#8230;sich auf den Weg der Supervision machen, um Kommunikationsverhalten zu beobachten und zu reflektieren, um m\u00f6gliche Wege der L\u00f6sung zu gehen.<\/p>\n<p>&#8230;lernen, wo und wann Ihre Grenzen in verschiedenen Kommunikationsprozessen erreicht sind.<\/p>\n<p>&nbsp;<\/p>\n<h1 class=\"entry-title\">Ich biete ihnen an:<\/h1>\n<p>&nbsp;<br \/>\nIndividuelle und pers\u00f6nliche Gespr\u00e4che, in denen wir gemeinsam herausfinden, dass moderne, scheinbar jederzeit verf\u00fcgbare, mediale und visuelle Kommunikationsformen das pers\u00f6nliche Gespr\u00e4ch nicht ersetzen k\u00f6nnen.<\/p>\n<p>Meine Fachkompetenz und Qualifikation als systemisch-l\u00f6sungsorientierte Supervisorin und Coach und jahrelange Erfahrung als Seelsorgerin und Religionsp\u00e4dagogin.<\/p>\n<p>Eine Zusammenarbeit mit Humor und Lebenserfahrung, denn die Dinge wiegen selten so schwer wie die Bedeutung, die wir ihnen geben.<\/p>\n<p>Mit unterschiedlicher Methodenvielfalt Ihren pers\u00f6nlichen Reflexionsprozess zu begleiten.<\/p>\n<p>Den Schatz Ihrer St\u00e4rken und Kompetenzen mit Ihnen zu entdecken und ihn zur Entfaltung zu bringen.<\/p>\n<p>Lassen Sie mich der \u201eBlick von au\u00dfen\u201c sein und mit Ihnen einen neuen Weg erschlie\u00dfen.<\/p>\n<p>&nbsp;<\/p>\n<p>Ich freue mich auf Sie!<\/p>\n<p>Vereinbaren Sie mit mir ein unverbindliches Probegespr\u00e4ch.<\/p>\n","protected":false},"excerpt":{"rendered":"<p>&#8230;Ihrem Leben eine neue Richtung geben oder es aus einer anderen Perspektive betrachten. &#8230;Ihre eigenen Ressourcen, Kompetenzen und F\u00e4higkeiten, die in jedem Menschen grundgelegt sind, entdecken, entfalten und st\u00e4rken. &#8230;Ihr berufliches oder ehrenamtliches Handeln pr\u00fcfen und verbessern, um dadurch eine &hellip; <a href=\"https:\/\/supervision-judith-richter.de\/?page_id=18\">Weiterlesen <span class=\"meta-nav\">&rarr;<\/span><\/a><\/p>\n","protected":false},"author":1,"featured_media":0,"parent":0,"menu_order":0,"comment_status":"closed","ping_status":"closed","template":"","meta":[],"_links":{"self":[{"href":"https:\/\/supervision-judith-richter.de\/index.php?rest_route=\/wp\/v2\/pages\/18"}],"collection":[{"href":"https:\/\/supervision-judith-richter.de\/index.php?rest_route=\/wp\/v2\/pages"}],"about":[{"href":"https:\/\/supervision-judith-richter.de\/index.php?rest_route=\/wp\/v2\/types\/page"}],"author":[{"embeddable":true,"href":"https:\/\/supervision-judith-richter.de\/index.php?rest_route=\/wp\/v2\/users\/1"}],"replies":[{"embeddable":true,"href":"https:\/\/supervision-judith-richter.de\/index.php?rest_route=%2Fwp%2Fv2%2Fcomments&post=18"}],"version-history":[{"count":16,"href":"https:\/\/supervision-judith-richter.de\/index.php?rest_route=\/wp\/v2\/pages\/18\/revisions"}],"predecessor-version":[{"id":79,"href":"https:\/\/supervision-judith-richter.de\/index.php?rest_route=\/wp\/v2\/pages\/18\/revisions\/79"}],"wp:attachment":[{"href":"https:\/\/supervision-judith-richter.de\/index.php?rest_route=%2Fwp%2Fv2%2Fmedia&parent=18"}],"curies":[{"name":"wp","href":"https:\/\/api.w.org\/{rel}","templated":true}]}}