{"id":32,"date":"2014-07-16T14:11:43","date_gmt":"2014-07-16T12:11:43","guid":{"rendered":"http:\/\/supervision-judith-richter.de\/?page_id=32"},"modified":"2020-03-23T18:45:35","modified_gmt":"2020-03-23T16:45:35","slug":"wer-ich-bin","status":"publish","type":"page","link":"https:\/\/supervision-judith-richter.de\/?page_id=32","title":{"rendered":"Wer ich bin"},"content":{"rendered":"<p><img decoding=\"async\" loading=\"lazy\" class=\"alignnone wp-image-56 size-medium\" src=\"http:\/\/supervision-judith-richter.de\/wp-content\/uploads\/2014\/07\/Foto_neu_re-214x300.jpg\" alt=\"\" width=\"214\" height=\"300\" srcset=\"https:\/\/supervision-judith-richter.de\/wp-content\/uploads\/2014\/07\/Foto_neu_re-214x300.jpg 214w, https:\/\/supervision-judith-richter.de\/wp-content\/uploads\/2014\/07\/Foto_neu_re-731x1024.jpg 731w, https:\/\/supervision-judith-richter.de\/wp-content\/uploads\/2014\/07\/Foto_neu_re.jpg 1000w\" sizes=\"(max-width: 214px) 100vw, 214px\" \/><\/p>\n<p>Ich bin Judith Richter und beschreibe mich pers\u00f6nlich:<\/p>\n<ul>\n<li>als lebensfroh und humorvoll<\/li>\n<li>als kommunikativ und an Kommunikation interessiert<\/li>\n<li>als fragend, um Zusammenh\u00e4nge besser zu verstehen<\/li>\n<li>als vielseitig in Beratung und Seelsorge<\/li>\n<li>als stark im Argumentieren<\/li>\n<li>als sehr begeisterungsf\u00e4hig<\/li>\n<li>als lebenserfahren durch eigene Lebensh\u00f6hen und -tiefen<\/li>\n<li>mit viel gesundem Menschenverstand gut ausgestattet<\/li>\n<\/ul>\n<p>&nbsp;<\/p>\n<p>Meine beruflichen Kompetenzen sind:<\/p>\n<ul>\n<li><!--StartFragment-->Systemisch-l\u00f6sungsorientierte Supervisorin und Coach (DGSv qualifiziert)<\/li>\n<li>Studium der Religionsp\u00e4dagogik und praktischer Pastoraltheologie<\/li>\n<li>Mentorin in der Ausbildung von Religionsp\u00e4dagog\/innen mit Abschluss als Religionslehrer\/innen (Missio Canonica)<\/li>\n<li>Mentorin in der Ausbildung von Religionsp\u00e4dagog\/innen mit Abschluss als Gemeindereferent\/innen und praktischen Pastoraltheolog\/innen<\/li>\n<li>Fachfrau f\u00fcr die Enneagramm Methode \u201eEnneagramm \u2013 die 9 Gesichter der Seele&#8220;<\/li>\n<\/ul>\n","protected":false},"excerpt":{"rendered":"<p>Ich bin Judith Richter und beschreibe mich pers\u00f6nlich: als lebensfroh und humorvoll als kommunikativ und an Kommunikation interessiert als fragend, um Zusammenh\u00e4nge besser zu verstehen als vielseitig in Beratung und Seelsorge als stark im Argumentieren als sehr begeisterungsf\u00e4hig als lebenserfahren &hellip; <a href=\"https:\/\/supervision-judith-richter.de\/?page_id=32\">Weiterlesen <span class=\"meta-nav\">&rarr;<\/span><\/a><\/p>\n","protected":false},"author":1,"featured_media":0,"parent":0,"menu_order":0,"comment_status":"closed","ping_status":"closed","template":"","meta":[],"_links":{"self":[{"href":"https:\/\/supervision-judith-richter.de\/index.php?rest_route=\/wp\/v2\/pages\/32"}],"collection":[{"href":"https:\/\/supervision-judith-richter.de\/index.php?rest_route=\/wp\/v2\/pages"}],"about":[{"href":"https:\/\/supervision-judith-richter.de\/index.php?rest_route=\/wp\/v2\/types\/page"}],"author":[{"embeddable":true,"href":"https:\/\/supervision-judith-richter.de\/index.php?rest_route=\/wp\/v2\/users\/1"}],"replies":[{"embeddable":true,"href":"https:\/\/supervision-judith-richter.de\/index.php?rest_route=%2Fwp%2Fv2%2Fcomments&post=32"}],"version-history":[{"count":13,"href":"https:\/\/supervision-judith-richter.de\/index.php?rest_route=\/wp\/v2\/pages\/32\/revisions"}],"predecessor-version":[{"id":72,"href":"https:\/\/supervision-judith-richter.de\/index.php?rest_route=\/wp\/v2\/pages\/32\/revisions\/72"}],"wp:attachment":[{"href":"https:\/\/supervision-judith-richter.de\/index.php?rest_route=%2Fwp%2Fv2%2Fmedia&parent=32"}],"curies":[{"name":"wp","href":"https:\/\/api.w.org\/{rel}","templated":true}]}}