{"id":81,"date":"2021-04-21T15:48:20","date_gmt":"2021-04-21T13:48:20","guid":{"rendered":"http:\/\/supervision-judith-richter.de\/?page_id=81"},"modified":"2023-09-25T19:02:51","modified_gmt":"2023-09-25T17:02:51","slug":"einzelsupervision","status":"publish","type":"page","link":"https:\/\/supervision-judith-richter.de\/?page_id=81","title":{"rendered":"Einzelsupervision"},"content":{"rendered":"<p>In pers\u00f6nlichen Gespr\u00e4chen k\u00f6nnen die von mir beschriebenen Themen aus meinem Angebot individuell bearbeitet werden.<\/p>\n<p>Es hat sich bew\u00e4hrt, dass die Sitzungen in einem 4-6 w\u00f6chigen Rhythmus stattfinden sollten. In dieser Zeit kann sich das Geh\u00f6rte und Verstandene setzen und wirksam werden.<\/p>\n<p>Die Anzahl der Sitzungen wird im Vorfeld abgesprochen und kann bei Bedarf wieder ver\u00e4ndert werden.<\/p>\n<p>Die Kosten belaufen sich auf 120,00 Euro \/ Stunde.<\/p>\n","protected":false},"excerpt":{"rendered":"<p>In pers\u00f6nlichen Gespr\u00e4chen k\u00f6nnen die von mir beschriebenen Themen aus meinem Angebot individuell bearbeitet werden. Es hat sich bew\u00e4hrt, dass die Sitzungen in einem 4-6 w\u00f6chigen Rhythmus stattfinden sollten. In dieser Zeit kann sich das Geh\u00f6rte und Verstandene setzen und &hellip; <a href=\"https:\/\/supervision-judith-richter.de\/?page_id=81\">Weiterlesen <span class=\"meta-nav\">&rarr;<\/span><\/a><\/p>\n","protected":false},"author":1,"featured_media":0,"parent":0,"menu_order":0,"comment_status":"closed","ping_status":"closed","template":"","meta":[],"_links":{"self":[{"href":"https:\/\/supervision-judith-richter.de\/index.php?rest_route=\/wp\/v2\/pages\/81"}],"collection":[{"href":"https:\/\/supervision-judith-richter.de\/index.php?rest_route=\/wp\/v2\/pages"}],"about":[{"href":"https:\/\/supervision-judith-richter.de\/index.php?rest_route=\/wp\/v2\/types\/page"}],"author":[{"embeddable":true,"href":"https:\/\/supervision-judith-richter.de\/index.php?rest_route=\/wp\/v2\/users\/1"}],"replies":[{"embeddable":true,"href":"https:\/\/supervision-judith-richter.de\/index.php?rest_route=%2Fwp%2Fv2%2Fcomments&post=81"}],"version-history":[{"count":4,"href":"https:\/\/supervision-judith-richter.de\/index.php?rest_route=\/wp\/v2\/pages\/81\/revisions"}],"predecessor-version":[{"id":102,"href":"https:\/\/supervision-judith-richter.de\/index.php?rest_route=\/wp\/v2\/pages\/81\/revisions\/102"}],"wp:attachment":[{"href":"https:\/\/supervision-judith-richter.de\/index.php?rest_route=%2Fwp%2Fv2%2Fmedia&parent=81"}],"curies":[{"name":"wp","href":"https:\/\/api.w.org\/{rel}","templated":true}]}}