{"id":89,"date":"2021-05-01T23:57:30","date_gmt":"2021-05-01T21:57:30","guid":{"rendered":"http:\/\/supervision-judith-richter.de\/?page_id=89"},"modified":"2023-09-25T19:14:17","modified_gmt":"2023-09-25T17:14:17","slug":"enneagramm","status":"publish","type":"page","link":"https:\/\/supervision-judith-richter.de\/?page_id=89","title":{"rendered":"Enneagramm"},"content":{"rendered":"<p>Sich selbst und andere<br \/>\nbesser verstehen lernen<br \/>\ndazu dient das<\/p>\n<p><strong>\u201eEnneagramm &#8211; die 9 Gesichter der Seele\u201c<\/strong><\/p>\n<p><img decoding=\"async\" loading=\"lazy\" class=\"alignleft size-full wp-image-92\" src=\"http:\/\/supervision-judith-richter.de\/wp-content\/uploads\/2021\/05\/enneagramm.png\" alt=\"enneagramm\" width=\"481\" height=\"355\" srcset=\"https:\/\/supervision-judith-richter.de\/wp-content\/uploads\/2021\/05\/enneagramm.png 481w, https:\/\/supervision-judith-richter.de\/wp-content\/uploads\/2021\/05\/enneagramm-300x221.png 300w\" sizes=\"(max-width: 481px) 100vw, 481px\" \/><\/p>\n<p>Fragen Sie sich auch manchmal, warum der eine oder die andere so reagieren, wie sie reagieren? Oder fragen sie sich, warum reagiere ich jetzt so auf eine Situation und nicht anders?<br \/>\nSolche Fragen k\u00f6nnen sich z.B. im famili\u00e4ren, beruflichen oder freundschaftlichen Kontext stellen. Eine Form, diesen Fragen auf die Spur zu kommen, bietet das Arbeiten mit der Enneagramm-Methode.<br \/>\nDas Enneagramm unterscheidet neun verschiedene Pers\u00f6nlichkeitstypen und beschreibt ihre Beziehungen zueinander.<br \/>\nDer Name Enneagramm stammt aus dem Griechischen: ennea ist das Wort f\u00fcr &#8222;neun&#8220; und gramma bedeutet &#8222;Modell&#8220;.<br \/>\nNach dem Enneagramm-Modell hat jede Pers\u00f6nlichkeitsstruktur eine bestimmte Art und Weise Zusammenh\u00e4nge aufzunehmen, zu verarbeiten und danach zu handeln. Davon ausgehend wird es m\u00f6glich zu erkl\u00e4ren, warum Menschen sich auf eine bestimmte Art und Weise und nicht anders verhalten. Damit tr\u00e4gt das Enneagramm bei zum: besseren Verst\u00e4ndnis f\u00fcr sich selbst und andere.<br \/>\nIndem das Enneagramm beschreibt, wie sich die Grundmuster einer Pers\u00f6nlichkeit in positiven wie in negativen Situationen ver\u00e4ndern, zeigt es zugleich M\u00f6glichkeiten zur pers\u00f6nlichen Weiterentwicklung auf. Dabei zeigt das Enneagramm innere Wege der Reifung und Verwandlung auf und ist somit eine Form der Auseinandersetzung mit sich selbst.<\/p>\n<p>W\u00e4hrend einer Tagesveranstaltung in einer Gruppe oder im Einzelsetting lernen Sie die unterschiedlichen Enneagramm-Typen kennen und verstehen. Die Auseinandersetzung mit der Enneagramm-Methode bietet eine Form und den Rahmen, wie Verhaltensweisen und Kommunikation beobachtet und reflektiert werden k\u00f6nnen. F\u00fcr alle, die Lust am Lernen und an Selbstreflexion haben, wird es spannend und interessant.<br \/>\nDie Kosten belaufen sich auf 120,&#8211; Euro\/1,5 Stunden (Einzelsetting)<br \/>\nDie Kosten f\u00fcr eine Gruppe kann vorher nach Gruppengr\u00f6\u00dfe abgestimmt werden<\/p>\n","protected":false},"excerpt":{"rendered":"<p>Sich selbst und andere besser verstehen lernen dazu dient das \u201eEnneagramm &#8211; die 9 Gesichter der Seele\u201c Fragen Sie sich auch manchmal, warum der eine oder die andere so reagieren, wie sie reagieren? Oder fragen sie sich, warum reagiere ich &hellip; <a href=\"https:\/\/supervision-judith-richter.de\/?page_id=89\">Weiterlesen <span class=\"meta-nav\">&rarr;<\/span><\/a><\/p>\n","protected":false},"author":1,"featured_media":0,"parent":0,"menu_order":0,"comment_status":"closed","ping_status":"closed","template":"","meta":[],"_links":{"self":[{"href":"https:\/\/supervision-judith-richter.de\/index.php?rest_route=\/wp\/v2\/pages\/89"}],"collection":[{"href":"https:\/\/supervision-judith-richter.de\/index.php?rest_route=\/wp\/v2\/pages"}],"about":[{"href":"https:\/\/supervision-judith-richter.de\/index.php?rest_route=\/wp\/v2\/types\/page"}],"author":[{"embeddable":true,"href":"https:\/\/supervision-judith-richter.de\/index.php?rest_route=\/wp\/v2\/users\/1"}],"replies":[{"embeddable":true,"href":"https:\/\/supervision-judith-richter.de\/index.php?rest_route=%2Fwp%2Fv2%2Fcomments&post=89"}],"version-history":[{"count":5,"href":"https:\/\/supervision-judith-richter.de\/index.php?rest_route=\/wp\/v2\/pages\/89\/revisions"}],"predecessor-version":[{"id":106,"href":"https:\/\/supervision-judith-richter.de\/index.php?rest_route=\/wp\/v2\/pages\/89\/revisions\/106"}],"wp:attachment":[{"href":"https:\/\/supervision-judith-richter.de\/index.php?rest_route=%2Fwp%2Fv2%2Fmedia&parent=89"}],"curies":[{"name":"wp","href":"https:\/\/api.w.org\/{rel}","templated":true}]}}